{"id":1052,"date":"2021-03-01T13:37:54","date_gmt":"2021-03-01T12:37:54","guid":{"rendered":"https:\/\/reinsu.es\/privacy\/"},"modified":"2025-09-10T12:54:03","modified_gmt":"2025-09-10T10:54:03","slug":"privacy","status":"publish","type":"page","link":"https:\/\/reinsu.es\/en\/privacy\/","title":{"rendered":"Privacy"},"content":{"rendered":"<p class=\"lead\">Informaci\u00f3n b\u00e1sica sobre Protecci\u00f3n de Datos<\/p>\n<div class=\"row\">\n<div class=\"col-12 col-sm-6\">Responsable<\/div>\n<div class=\"col-12 col-sm-6\">3DQ CG PHOTOGRAPHY S.L.U.<\/div>\n<div class=\"col-12 col-sm-6\">Finalidad<\/div>\n<div class=\"col-12 col-sm-6\">\n<p>Los datos relativos a clientes ser\u00e1n tratados con la finalidad del desarrollo de la relaci\u00f3n contractual conforme los servicios profesionales convenidos.Los datos personales relativos a usuarios no clientes ser\u00e1n tratados con la finalidad de poder responder a las consultas realizas y remitir peri\u00f3dicamente comunicaciones electr\u00f3nicas sobre servicios, eventos y noticias relacionadas con nuestra actividad profesional.<\/p>\n<\/div>\n<div class=\"col-12 col-sm-6\">Legitimaci\u00f3n<\/div>\n<div class=\"col-12 col-sm-6\">\n<p>Relaci\u00f3n contractual e inter\u00e9s leg\u00edtimo para el tratamiento de datos personales de clientes.Consentimiento expreso para el tratamiento de datos personales de usuarios no clientes.<\/p>\n<\/div>\n<div class=\"col-12 col-sm-6\">Destinatarios<\/div>\n<div class=\"col-12 col-sm-6\">No se ceder\u00e1n datos personales salvo obligaci\u00f3n legal.<\/div>\n<div class=\"col-12 col-sm-6\">Derechos<\/div>\n<div class=\"col-12 col-sm-6\">Acceso, rectificaci\u00f3n, cancelaci\u00f3n, oposici\u00f3n, limitaci\u00f3n del tratamiento, portabilidad de datos y a no ser objeto de decisiones individualizadas automatizadas.<\/div>\n<div class=\"col-12 col-sm-6\">Informaci\u00f3n detallada<\/div>\n<div class=\"col-12 col-sm-6\">Pol\u00edtica de Privacidad<br \/>\nT\u00e9rminos y condiciones de Uso<\/div>\n<\/div>\n<p>&nbsp;<\/p>\n<p>1. Responsable del tratamiento<\/p>\n<p>El responsable del tratamiento de los datos del Usuario es la compa\u00f1\u00eda 3DQ CG PHOTOGRAPHY, S.L.U. (en adelante \u2018\u20183DQ\u201d), Denia 74, Bajo 2, 46006 de Valencia, con C.I.F. B-66781212, correo electr\u00f3nico contact@3dq.studio.<\/p>\n<p>2. Finalidad del tratamiento de los datos<\/p>\n<p>3DQ, tratar\u00e1 los datos del usuario de manera manual y\/o automatizada para poder responderle a las consultas realizas y remitirle peri\u00f3dicamente comunicaciones electr\u00f3nicas sobre servicios, eventos y noticias relacionadas con nuestra actividad profesional.<\/p>\n<p>3. Conservaci\u00f3n de los datos<\/p>\n<p>Los datos personales proporcionados se conservar\u00e1n mientras no se solicite su supresi\u00f3n por el interesado o, en su caso, mientras se mantenga la relaci\u00f3n comercial entre las partes a partir de la \u00faltima confirmaci\u00f3n de inter\u00e9s del Usuario, en tales casos deber\u00e1n ser destruidos o devueltos al responsable del mismo; el mismo destino habr\u00e1\u0301 de darse a cualquier soporte o documentos en que conste alg\u00fan dato de car\u00e1cter personal objeto del tratamiento. Todo ello sin perjuicio que exista una previsi\u00f3n legal que exija la conservaci\u00f3n de ciertos datos o que \u00e9stos resultaran \u00fatiles en caso de reclamaci\u00f3n derivada de la prestaci\u00f3n de servicios pactada.<\/p>\n<p>4. Legitimaci\u00f3n para el tratamiento de datos<\/p>\n<div class=\"row\">\n<div class=\"col-4\">INTERESADOS<\/div>\n<div class=\"col-4\">TRATAMIENTO<\/div>\n<div class=\"col-4\">BASE DE LEGITIMACI\u00d3N<\/div>\n<div class=\"col-4\">Clientes<\/div>\n<div class=\"col-4\">Desarrollo del encargo profesional<\/div>\n<div class=\"col-4\">Relaci\u00f3n contractual<\/div>\n<div class=\"col-4\"><\/div>\n<div class=\"col-4\">Env\u00edo de comunicaciones incluso por medios electr\u00f3nicos sobre servicios, eventos y noticias relacionadas con nuestra actividad profesional que puedan ser de su inter\u00e9s derivadas de la relaci\u00f3n contractual<\/div>\n<div class=\"col-4\">Inter\u00e9s leg\u00edtimo<\/div>\n<div class=\"col-4\">Potenciales clientes<\/div>\n<div class=\"col-4\">Env\u00edo de comunicaciones incluso por medios electr\u00f3nicos sobre servicios, eventos y noticias relacionadas con nuestra actividad profesional que puedan ser de su inter\u00e9s, contact@3dq.studio.<\/div>\n<div class=\"col-4\">Consentimiento expreso<\/div>\n<div class=\"col-4\">Suscriptores Newsletter<\/div>\n<div class=\"col-4\">Env\u00edo de comunicaciones incluso por medios electr\u00f3nicos sobre servicios, eventos y noticias relacionadas con nuestra actividad profesional que puedan ser de su inter\u00e9s<\/div>\n<div class=\"col-4\">Consentimiento expreso<\/div>\n<\/div>\n<p>&nbsp;<\/p>\n<p>La base legal del tratamiento de los Datos relativos a clientes de 3DQ CG PHOTOGRAPHY, S.L.U. se basa en la relaci\u00f3n contractual existente. Para el env\u00edo de comunicaciones a los mismos, incluso por medios electr\u00f3nicos sobre servicios, eventos y noticias relacionadas con nuestra actividad profesional la base de legitimaci\u00f3n es el inter\u00e9s leg\u00edtimo.<\/p>\n<p>Para el tratamiento de los datos relativos los potenciales clientes, la legitimaci\u00f3n se basa en el consentimiento expreso.<\/p>\n<p>Para el tratamiento de los datos relativos a suscrpitores del bolet\u00edn o newsletter corporativa, la legitimaci\u00f3n se basa en el consentimiento expreso.<\/p>\n<p>5. Destinatarios<\/p>\n<p>3DQ no ceder\u00e1 los datos en ning\u00fan caso a terceros salvo que opere una obligaci\u00f3n legal para ello.<\/p>\n<p>6. Ejercicio de derechos<\/p>\n<p>El Usuario podr\u00e1 ejercer los siguientes derechos, previstos en el RGPD, en relaci\u00f3n al tratamiento de sus datos personales:<\/p>\n<ul>\n<li>Derecho a solicitar el acceso a los datos personales relativos al interesado.<\/li>\n<li>Derecho a solicitar su rectificaci\u00f3n o supresi\u00f3n.<\/li>\n<li>Derecho a solicitar la limitaci\u00f3n de su tratamiento,<\/li>\n<li>Derecho a oponerse al tratamiento.<\/li>\n<li>Derecho a la portabilidad de los datos.<\/li>\n<li>Derecho a no ser objeto de decisiones individualizadas automatizadas, en su caso.<\/li>\n<\/ul>\n<p>Tales derechos podr\u00e1n ser ejercidos mediante una comunicaci\u00f3n escrita dirigida a 3DQ CG PHOTOGRAPHY, S.L.U. (en adelante \u2018\u20183DQ\u201d), Denia 74, Bajo 2, 46006 de Valencia o por e-mail a la direcci\u00f3n contact@3dq.studio<\/p>\n<p>En ambos casos el Usuario interesado deber\u00e1 acompa\u00f1ar una copia de su documento nacional de identidad, pasaporte u otro documento v\u00e1lido que lo identifique juntamente, en su caso, con otras informaciones que puedan ser relevantes para resolver la solicitud.<\/p>\n<p>Asimismo, le informamos que puede ejercer sus derechos ante la Autoridad de control competente. En su caso, la Agencia Espa\u00f1ola de Protecci\u00f3n de Datos (AEPD), domicilio en la calle Jorge Juan, n\u00ba6, 28001 Madrid.<\/p>\n<p>7. Medidas y niveles de seguridad<\/p>\n<p>3DQ ha adoptado las medidas necesarias para mantener el nivel de seguridad requerido, seg\u00fan la naturaleza de los datos personales tratados y las circunstancias del tratamiento, con el objeto de evitar, en la medida de lo posible y siempre seg\u00fan el estado de la t\u00e9cnica, su alteraci\u00f3n, p\u00e9rdida, tratamiento o acceso no autorizado.<\/p>\n<p>Asimismo, 3DQ garantiza que ha implementado mecanismos para:<\/p>\n<ol>\n<li>Garantizar la confidencialidad, integridad, disponibilidad y resiliencia permanentes de los sistemas y servicios de tratamiento.<\/li>\n<li>Restaurar la disponibilidad y el acceso a los datos personales de forma r\u00e1pida, en caso de incidente f\u00edsico o t\u00e9cnico.<\/li>\n<li>Verificar, evaluar y valorar, de forma regular, la eficacia de las medidas t\u00e9cnicas y organizativas implantadas para garantizar la seguridad del tratamiento.<\/li>\n<li>Pseudonimizar y cifrar los datos personales, en su caso.<\/li>\n<\/ol>\n<p>8. \u00c1mbito de aplicaci\u00f3n<\/p>\n<p>La estructura de tratamientos, equipos y sistemas de informaci\u00f3n con el objeto de dar cumplimiento a la legislaci\u00f3n vigente en materia de protecci\u00f3n de datos, se aplicar\u00e1n a todos los tratamientos, temporales o permanentes, titularidad de 3DQ que contengan datos de car\u00e1cter personal, as\u00ed como a cualquier equipo o sistema de informaci\u00f3n que los trate.<\/p>\n<p>9. Consentimiento del Usuario<\/p>\n<p>El Usuario no cliente manifiesta haber le\u00eddo y aceptado expresamente la presente Pol\u00edtica de Privacidad al registrarse en 3DQ, otorgando su consentimiento inequ\u00edvoco y expreso a 3DQ, al tratamiento de los datos de acuerdo con las finalidades y servicios aqu\u00ed reflejados.<\/p>\n<p>En el caso de que el Usuario facilite a 3DQ datos personales de terceros, el Usuario declara que dichos datos son veraces y que ha informado y ha solicitado el consentimiento a estos terceros, cuyos datos nos facilita, de que sus datos personales ser\u00e1n tratados por 3DQ en los mismos t\u00e9rminos que el Usuario ha sido informado y prestado su consentimiento en la presente pol\u00edtica de privacidad.<\/p>\n<p>10. Informaci\u00f3n comercial y promocional<\/p>\n<p>Los datos de car\u00e1cter personal que nos facilite a trav\u00e9s de la suscripci\u00f3n a la newsletter corporativa ser\u00e1n objeto de tratamiento por parte de 3DQ, con el objetivo de notificarle contenidos empresariales y comunicaciones comerciales de 3DQ que puedan ser de su inter\u00e9s.<\/p>\n<p>11. Confidencialidad y secreto profesional<\/p>\n<p>Los datos recogidos en todas las comunicaciones privadas entre 3DQ y los Clientes o Usuarios ser\u00e1n tratados con absoluta confidencialidad, comprometi\u00e9ndose 3DQ a la obligaci\u00f3n de secreto de los datos de car\u00e1cter personal, a su deber de guardarlos y adoptar todas las medidas necesarias que eviten su alteraci\u00f3n, p\u00e9rdida y tratamiento o acceso no autorizado, de acuerdo con lo establecido en la normativa aplicable a Medidas de Seguridad de los tratamientos Automatizados que contengan datos de car\u00e1cter personal.<\/p>\n<p>Adem\u00e1s, tambi\u00e9n tendr\u00e1 la condici\u00f3n de confidencial la informaci\u00f3n de cualquier tipo que las partes intercambien entre s\u00ed, aquella que estas acuerden que tiene tal naturaleza, o la que simplemente verse sobre el contenido de dicha informaci\u00f3n. La visualizaci\u00f3n de datos a trav\u00e9s de Internet, no supondr\u00e1 el acceso directo a los mismos, salvo consentimiento expreso de su titular para cada ocasi\u00f3n.<\/p>\n<p>12. Cambios en la pol\u00edtica de seguridad y de protecci\u00f3n de datos<\/p>\n<p>3DQ se reserva el derecho de modificar su pol\u00edtica de seguridad y protecci\u00f3n de datos con el objeto de adaptarlo a las novedades legislativas o jurisprudenciales, as\u00ed como las que pudieran derivarse de c\u00f3digos tipo existentes en la materia, o por decisiones corporativas estrat\u00e9gicas, con efectos de la fecha de publicaci\u00f3n de dicha modificaci\u00f3n en la p\u00e1gina web. Por este motivo, se recomienda leer esta Pol\u00edtica de Privacidad peri\u00f3dicamente. Cuando los cambios aplicados revistan de especial importancia ser\u00e1n notificados individualmente.<\/p>\n<p>13. Comunicaciones de datos efectuadas por el propio Usuario<\/p>\n<p>Antes de facilitar en el Sitio Web datos personales relativos a terceras personas, el Usuario deber\u00e1 obtener su previo y expreso consentimiento, habi\u00e9ndoles informado de los t\u00e9rminos contenidos en esta Pol\u00edtica de privacidad. El Usuario se obliga a mantener indemne a 3DQ ante cualquier posible reclamaci\u00f3n, multa o sanci\u00f3n que pueda venir obligada a soportar como consecuencia del incumplimiento por parte del Usuario.<\/p>\n<p>14. Datos de menores<\/p>\n<p>Los menores de edad no podr\u00e1n usar los servicios disponibles a trav\u00e9s de la Web sin la previa autorizaci\u00f3n de sus padres, tutores o representantes legales, quienes ser\u00e1n los \u00fanicos responsables de todos los actos realizados a trav\u00e9s de la Web por los menores a su cargo, incluyendo la cumplimentaci\u00f3n de los formularios con los datos personales de dichos menores y la marcaci\u00f3n, en su caso, de las casillas que los acompa\u00f1an o puedan acompa\u00f1arlos.<\/p>\n","protected":false},"excerpt":{"rendered":"<p>Informaci\u00f3n b\u00e1sica sobre Protecci\u00f3n de Datos Responsable 3DQ CG PHOTOGRAPHY S.L.U. Finalidad Los datos relativos a clientes ser\u00e1n tratados con la finalidad del desarrollo de la relaci\u00f3n contractual conforme los servicios profesionales convenidos.Los datos personales relativos a usuarios no clientes ser\u00e1n tratados con la finalidad de poder responder a las consultas realizas y remitir peri\u00f3dicamente&#8230;  <a href=\"https:\/\/reinsu.es\/en\/privacy\/\" class=\"more-link\" title=\"Read Privacy\">Read more &raquo;<\/a><\/p>\n","protected":false},"author":3,"featured_media":0,"parent":0,"menu_order":0,"comment_status":"closed","ping_status":"closed","template":"","meta":{"_acf_changed":false,"footnotes":""},"class_list":["post-1052","page","type-page","status-publish","hentry"],"acf":[],"yoast_head":"<!-- This site is optimized with the Yoast SEO plugin v27.5 - https:\/\/yoast.com\/product\/yoast-seo-wordpress\/ -->\n<title>Privacy - Reinsu<\/title>\n<meta name=\"robots\" content=\"index, follow, max-snippet:-1, max-image-preview:large, max-video-preview:-1\" \/>\n<link rel=\"canonical\" href=\"https:\/\/reinsu.es\/en\/privacy\/\" \/>\n<meta property=\"og:locale\" content=\"en_US\" \/>\n<meta property=\"og:type\" content=\"article\" \/>\n<meta property=\"og:title\" content=\"Privacy - Reinsu\" \/>\n<meta property=\"og:description\" content=\"Informaci\u00f3n b\u00e1sica sobre Protecci\u00f3n de Datos Responsable 3DQ CG PHOTOGRAPHY S.L.U. Finalidad Los datos relativos a clientes ser\u00e1n tratados con la finalidad del desarrollo de la relaci\u00f3n contractual conforme los servicios profesionales convenidos.Los datos personales relativos a usuarios no clientes ser\u00e1n tratados con la finalidad de poder responder a las consultas realizas y remitir peri\u00f3dicamente... Read more &raquo;\" \/>\n<meta property=\"og:url\" content=\"https:\/\/reinsu.es\/en\/privacy\/\" \/>\n<meta property=\"og:site_name\" content=\"Reinsu\" \/>\n<meta property=\"article:publisher\" content=\"https:\/\/www.facebook.com\/Reinsuconstrucciones\" \/>\n<meta property=\"article:modified_time\" content=\"2025-09-10T10:54:03+00:00\" \/>\n<meta name=\"twitter:card\" content=\"summary_large_image\" \/>\n<meta name=\"twitter:label1\" content=\"Est. reading time\" \/>\n\t<meta name=\"twitter:data1\" content=\"8 minutes\" \/>\n<script type=\"application\/ld+json\" class=\"yoast-schema-graph\">{\"@context\":\"https:\\\/\\\/schema.org\",\"@graph\":[{\"@type\":\"WebPage\",\"@id\":\"https:\\\/\\\/reinsu.es\\\/en\\\/privacy\\\/\",\"url\":\"https:\\\/\\\/reinsu.es\\\/en\\\/privacy\\\/\",\"name\":\"Privacy - Reinsu\",\"isPartOf\":{\"@id\":\"https:\\\/\\\/reinsu.es\\\/en\\\/#website\"},\"datePublished\":\"2021-03-01T12:37:54+00:00\",\"dateModified\":\"2025-09-10T10:54:03+00:00\",\"breadcrumb\":{\"@id\":\"https:\\\/\\\/reinsu.es\\\/en\\\/privacy\\\/#breadcrumb\"},\"inLanguage\":\"en-US\",\"potentialAction\":[{\"@type\":\"ReadAction\",\"target\":[\"https:\\\/\\\/reinsu.es\\\/en\\\/privacy\\\/\"]}]},{\"@type\":\"BreadcrumbList\",\"@id\":\"https:\\\/\\\/reinsu.es\\\/en\\\/privacy\\\/#breadcrumb\",\"itemListElement\":[{\"@type\":\"ListItem\",\"position\":1,\"name\":\"Portada\",\"item\":\"https:\\\/\\\/reinsu.es\\\/en\\\/home\\\/\"},{\"@type\":\"ListItem\",\"position\":2,\"name\":\"Privacy\"}]},{\"@type\":\"WebSite\",\"@id\":\"https:\\\/\\\/reinsu.es\\\/en\\\/#website\",\"url\":\"https:\\\/\\\/reinsu.es\\\/en\\\/\",\"name\":\"Reinsu\",\"description\":\"3D Visualization for Interior Design &amp; Architecture\",\"publisher\":{\"@id\":\"https:\\\/\\\/reinsu.es\\\/en\\\/#organization\"},\"potentialAction\":[{\"@type\":\"SearchAction\",\"target\":{\"@type\":\"EntryPoint\",\"urlTemplate\":\"https:\\\/\\\/reinsu.es\\\/en\\\/?s={search_term_string}\"},\"query-input\":{\"@type\":\"PropertyValueSpecification\",\"valueRequired\":true,\"valueName\":\"search_term_string\"}}],\"inLanguage\":\"en-US\"},{\"@type\":\"Organization\",\"@id\":\"https:\\\/\\\/reinsu.es\\\/en\\\/#organization\",\"name\":\"Reinsu\",\"url\":\"https:\\\/\\\/reinsu.es\\\/en\\\/\",\"logo\":{\"@type\":\"ImageObject\",\"inLanguage\":\"en-US\",\"@id\":\"https:\\\/\\\/reinsu.es\\\/en\\\/#\\\/schema\\\/logo\\\/image\\\/\",\"url\":\"https:\\\/\\\/reinsu.es\\\/wp-content\\\/uploads\\\/2023\\\/06\\\/logo-opt.png\",\"contentUrl\":\"https:\\\/\\\/reinsu.es\\\/wp-content\\\/uploads\\\/2023\\\/06\\\/logo-opt.png\",\"width\":800,\"height\":280,\"caption\":\"Reinsu\"},\"image\":{\"@id\":\"https:\\\/\\\/reinsu.es\\\/en\\\/#\\\/schema\\\/logo\\\/image\\\/\"},\"sameAs\":[\"https:\\\/\\\/www.facebook.com\\\/Reinsuconstrucciones\",\"https:\\\/\\\/www.instagram.com\\\/reinsuconstrucciones\\\/\",\"https:\\\/\\\/www.linkedin.com\\\/company\\\/reinsu-construccion-sl\\\/\"]}]}<\/script>\n<!-- \/ Yoast SEO plugin. -->","yoast_head_json":{"title":"Privacy - Reinsu","robots":{"index":"index","follow":"follow","max-snippet":"max-snippet:-1","max-image-preview":"max-image-preview:large","max-video-preview":"max-video-preview:-1"},"canonical":"https:\/\/reinsu.es\/en\/privacy\/","og_locale":"en_US","og_type":"article","og_title":"Privacy - Reinsu","og_description":"Informaci\u00f3n b\u00e1sica sobre Protecci\u00f3n de Datos Responsable 3DQ CG PHOTOGRAPHY S.L.U. Finalidad Los datos relativos a clientes ser\u00e1n tratados con la finalidad del desarrollo de la relaci\u00f3n contractual conforme los servicios profesionales convenidos.Los datos personales relativos a usuarios no clientes ser\u00e1n tratados con la finalidad de poder responder a las consultas realizas y remitir peri\u00f3dicamente... Read more &raquo;","og_url":"https:\/\/reinsu.es\/en\/privacy\/","og_site_name":"Reinsu","article_publisher":"https:\/\/www.facebook.com\/Reinsuconstrucciones","article_modified_time":"2025-09-10T10:54:03+00:00","twitter_card":"summary_large_image","twitter_misc":{"Est. reading time":"8 minutes"},"schema":{"@context":"https:\/\/schema.org","@graph":[{"@type":"WebPage","@id":"https:\/\/reinsu.es\/en\/privacy\/","url":"https:\/\/reinsu.es\/en\/privacy\/","name":"Privacy - Reinsu","isPartOf":{"@id":"https:\/\/reinsu.es\/en\/#website"},"datePublished":"2021-03-01T12:37:54+00:00","dateModified":"2025-09-10T10:54:03+00:00","breadcrumb":{"@id":"https:\/\/reinsu.es\/en\/privacy\/#breadcrumb"},"inLanguage":"en-US","potentialAction":[{"@type":"ReadAction","target":["https:\/\/reinsu.es\/en\/privacy\/"]}]},{"@type":"BreadcrumbList","@id":"https:\/\/reinsu.es\/en\/privacy\/#breadcrumb","itemListElement":[{"@type":"ListItem","position":1,"name":"Portada","item":"https:\/\/reinsu.es\/en\/home\/"},{"@type":"ListItem","position":2,"name":"Privacy"}]},{"@type":"WebSite","@id":"https:\/\/reinsu.es\/en\/#website","url":"https:\/\/reinsu.es\/en\/","name":"Reinsu","description":"3D Visualization for Interior Design &amp; Architecture","publisher":{"@id":"https:\/\/reinsu.es\/en\/#organization"},"potentialAction":[{"@type":"SearchAction","target":{"@type":"EntryPoint","urlTemplate":"https:\/\/reinsu.es\/en\/?s={search_term_string}"},"query-input":{"@type":"PropertyValueSpecification","valueRequired":true,"valueName":"search_term_string"}}],"inLanguage":"en-US"},{"@type":"Organization","@id":"https:\/\/reinsu.es\/en\/#organization","name":"Reinsu","url":"https:\/\/reinsu.es\/en\/","logo":{"@type":"ImageObject","inLanguage":"en-US","@id":"https:\/\/reinsu.es\/en\/#\/schema\/logo\/image\/","url":"https:\/\/reinsu.es\/wp-content\/uploads\/2023\/06\/logo-opt.png","contentUrl":"https:\/\/reinsu.es\/wp-content\/uploads\/2023\/06\/logo-opt.png","width":800,"height":280,"caption":"Reinsu"},"image":{"@id":"https:\/\/reinsu.es\/en\/#\/schema\/logo\/image\/"},"sameAs":["https:\/\/www.facebook.com\/Reinsuconstrucciones","https:\/\/www.instagram.com\/reinsuconstrucciones\/","https:\/\/www.linkedin.com\/company\/reinsu-construccion-sl\/"]}]}},"_links":{"self":[{"href":"https:\/\/reinsu.es\/en\/wp-json\/wp\/v2\/pages\/1052","targetHints":{"allow":["GET"]}}],"collection":[{"href":"https:\/\/reinsu.es\/en\/wp-json\/wp\/v2\/pages"}],"about":[{"href":"https:\/\/reinsu.es\/en\/wp-json\/wp\/v2\/types\/page"}],"author":[{"embeddable":true,"href":"https:\/\/reinsu.es\/en\/wp-json\/wp\/v2\/users\/3"}],"replies":[{"embeddable":true,"href":"https:\/\/reinsu.es\/en\/wp-json\/wp\/v2\/comments?post=1052"}],"version-history":[{"count":1,"href":"https:\/\/reinsu.es\/en\/wp-json\/wp\/v2\/pages\/1052\/revisions"}],"predecessor-version":[{"id":1751,"href":"https:\/\/reinsu.es\/en\/wp-json\/wp\/v2\/pages\/1052\/revisions\/1751"}],"wp:attachment":[{"href":"https:\/\/reinsu.es\/en\/wp-json\/wp\/v2\/media?parent=1052"}],"curies":[{"name":"wp","href":"https:\/\/api.w.org\/{rel}","templated":true}]}}